{"id":79,"date":"2024-02-21T10:34:36","date_gmt":"2024-02-21T10:34:36","guid":{"rendered":"https:\/\/mirto.group\/?page_id=79"},"modified":"2024-04-02T10:37:20","modified_gmt":"2024-04-02T10:37:20","slug":"politica-de-privacidad","status":"publish","type":"page","link":"https:\/\/mirto.group\/en\/politica-de-privacidad\/","title":{"rendered":"Privacy policy"},"content":{"rendered":"<h2>\u00bfQui\u00e9nes son los Responsables del tratamiento de sus datos?<br \/><\/h2>\n<p>Identificaci\u00f3n del Responsable de Tratamiento:<\/p>\n<p><b>CREACIONES MIRTO, S.A.U.<\/b><br \/>C\/ Emilio Mu\u00f1oz, 57 \u2013 28037 Madrid \u2013 Espa\u00f1a<br \/>NIF A-28100717<br \/>Inscrita en el Registro Mercantil de Madrid Hoja M-82896, folio 146, Tomo 5.053, Inscripci\u00f3n 28\u00aa.<br \/>Correo electr\u00f3nico: datos@mirto.com<br \/>Tel\u00e9fono: +34 91 440 29 56<\/p>\n<h2>\u00bfCu\u00e1les son las finalidades del tratamiento de sus datos?<\/h2>\n<p>Los datos recabados en la p\u00e1gina web ser\u00e1n tratados para gestionar el alta y creaci\u00f3n de una cuenta en MIRTO donde los Usuarios tendr\u00e1n la posibilidad de consultar los productos y servicios de la empresa y acceder a las ofertas y promociones. Asimismo, la informaci\u00f3n podr\u00e1 ser completada para la gesti\u00f3n de las compras on-line.<\/p>\n<p>Los Usuarios que as\u00ed lo deseen, podr\u00e1n suscribirse al servicio de Newsletter, donde los datos solicitados ser\u00e1n tratados para el env\u00edo por medios electr\u00f3nicos de las \u00faltimas novedades, ofertas y promociones de la marca.<\/p>\n<p>Los Usuarios disponen del canal WhatsApp donde podr\u00e1n realizar cualquier tipo de consulta.<\/p>\n<p>MIRTO se compromete a recabar los datos que sean estrictamente necesarios. Se le informar\u00e1 en su caso, de la obligatoriedad de facilitar determinados datos.<\/p>\n<h3>Categor\u00edas de datos:<\/h3>\n<p>En relaci\u00f3n con el alta en MIRTO, los datos de car\u00e1cter personal que pueden ser objeto del tratamiento son datos de car\u00e1cter identificativo que incluyen nombre y apellidos y correo electr\u00f3nico; a la hora de completar el perfil de usuario para gestionar un pedido, se tratar\u00e1n datos relativos al domicilio completo, empresa, n\u00famero de tel\u00e9fono as\u00ed como informaci\u00f3n econ\u00f3mica, incluyendo informaci\u00f3n de la tarjeta bancaria (nombre del titular, n\u00famero de tarjeta, fecha de caducidad y d\u00edgitos de control).<\/p>\n<p>Los usuarios que deseen suscribirse en el servicio de newsletter, deber\u00e1n facilitar su direcci\u00f3n de correo electr\u00f3nico.<\/p>\n<p>No se tratan datos especialmente protegidos.<\/p>\n<h2>\u00bfC\u00f3mo hemos obtenido sus datos?<\/h2>\n<p>Los datos tratados por MIRTO, son aquellos que el Usuario voluntariamente ha facilitado a MIRTO a trav\u00e9s de los Canales del sitio Web.<\/p>\n<h2>Legitimaci\u00f3n<\/h2>\n<p>La base legal para el tratamiento de sus datos es la ejecuci\u00f3n de un contrato de compraventa con la finalidad de gestionar la compra de productos a trav\u00e9s del sitio web. Asimismo, la base legal para el tratamiento de sus datos es el consentimiento voluntario que presta el Usuario para la gesti\u00f3n de la cuenta del usuario en el sitio web y la gesti\u00f3n del env\u00edo de Newsletter.<\/p>\n<p>El Titular garantiza la confidencialidad y seguridad de los datos proporcionados por los Usuarios. El Usuario incorporar\u00e1 voluntariamente los datos personales de los que es titular y, es debidamente informado de la identidad del recabante, las finalidades de la recabaci\u00f3n, as\u00ed como de la posibilidad y procedimiento para ejercer sus derechos que en materia de Protecci\u00f3n de Datos le corresponde conforme a la Ley vigente.<\/p>\n<p>En este caso el Usuario responder\u00e1 de la veracidad de los datos facilitados, reserv\u00e1ndose MIRTO el derecho a excluir de los servicios registrados a todo Usuario que haya facilitado datos falsos, sin perjuicio de la dem\u00e1s acciones que procedan en Derecho.<\/p>\n<h2>\u00bfA qu\u00e9 destinatarios se comunicar\u00e1n sus datos?<\/h2>\n<p>Los datos no ser\u00e1n comunicados a terceros, salvo por obligaci\u00f3n legal. En todo caso, MIRTO cuenta con la colaboraci\u00f3n de terceros proveedores de servicios que tienen acceso a sus datos personales y que tratan los referidos datos en nombre y por cuenta de MIRTO como consecuencia de su prestaci\u00f3n de servicios. En concreto, MIRTO contratar\u00e1 la prestaci\u00f3n de servicios por parte de terceros proveedores que desempe\u00f1an su actividad, a t\u00edtulo enunciativo y no limitativo, en los siguientes sectores: empresas proveedoras de servicios tecnol\u00f3gicos, empresas proveedoras de servicios inform\u00e1ticos, empresas de gesti\u00f3n y mantenimiento de infraestructuras y empresas de servicios de centro de llamadas, prestador de servicios de pago, empresas de transporte.<\/p>\n<p>Con el objetivo de ofrecerle los m\u00e9todos de pago de Klarna, en el momento del pago, podr\u00edamos transmitir a Klarna durante el proceso de compra sus datos personales incluidos en el formulario de contacto y detalles de los pedidos, de tal forma que Klarna pueda evaluar si cumple usted con los requisitos para acceder a sus m\u00e9todos de pago y para adaptar dichos m\u00e9todos de pago a su perfil. Sus datos personales son tratados de conformidad con lo establecido en la pol\u00edtica de privacidad de Klarna.<\/p>\n<h2>Transferencias internacionales de datos<\/h2>\n<p>No se realizan transferencias internacionales de datos.<\/p>\n<h2>\u00bfSe tomar\u00e1n decisiones automatizadas y se elaborar\u00e1n perfiles?<\/h2>\n<p>Se informa a los Usuarios de que no se tomar\u00e1n decisiones automatizadas, ni se elaborar\u00e1n perfiles sobre cuya base se tomen decisiones que produzcan efectos jur\u00eddicos para ellos o que les afecten significativamente de modo similar. Sin embargo, MIRTO podr\u00e1 adecuar la informaci\u00f3n remitida a los intereses de los usuarios.<\/p>\n<h2>Derechos de los Usuarios:<\/h2>\n<p>Los Usuarios podr\u00e1n en cualquier momento y gratuitamente ejercer los siguientes derechos:<\/p>\n<ol>\n<li>Derecho de acceso a los datos personales del interesado: el interesado puede obtener confirmaci\u00f3n sobre si la empresa trata datos personales que le conciernen.<\/li>\n<li>Derecho de rectificaci\u00f3n: el interesado tiene derecho a solicitar una rectificaci\u00f3n de los datos inexactos o incompletos.<\/li>\n<li>Derecho de supresi\u00f3n: el interesado puede solicitar que se dejen de tratar sus datos sin dilaci\u00f3n indebida, entre otros, porque \u00e9stos han dejado de ser necesarios, el consentimiento ha sido retirado etc.<\/li>\n<li>Derecho a limitar el tratamiento de los datos: el interesado podr\u00e1 pedir que no se apliquen sus datos personales a las operaciones de tratamiento que en cada caso corresponder\u00edan, en cuyo caso \u00fanicamente los conservaremos para el ejercicio o la defensa de reclamaciones.<\/li>\n<li>Derecho a la portabilidad de los datos. El interesado podr\u00e1 recibir sus datos en un formato estructurado, de uso com\u00fan y lectura mec\u00e1nica; asimismo, el interesado podr\u00e1 solicitar que sus datos sean transmitidos a otro Responsable del tratamiento, siempre que esto sea t\u00e9cnicamente posible.<\/li>\n<li>Derecho de oposici\u00f3n, el interesado se opone al tratamiento y la empresa dejar\u00e1 de tratar sus datos, salvo por motivos leg\u00edtimos imperiosos o el ejercicio o la defensa de posibles reclamaciones.<\/li>\n<\/ol>\n<p>Los Usuarios podr\u00e1n ejercer estos derechos dirigiendo comunicaci\u00f3n por escrito, debidamente firmada, acompa\u00f1ada de fotocopia del DNI a <b>CREACIONES MIRTO, S.A.U.<\/b> \u2013 C\/ Emilio Mu\u00f1oz, 57 \u2013 28037 Madrid \u2013 Espa\u00f1a o a trav\u00e9s del correo electr\u00f3nico datos@mirto.com indicando como referencia o asunto \u201cProtecci\u00f3n de Datos\u201d.<\/p>\n<p>Si tiene alguna pregunta sobre esta Pol\u00edtica de Privacidad, rogamos que se ponga en contacto con nosotros enviando un email a <a href=\"mailto:datos@mirto.com\">datos@mirto.com<\/a>.<\/p>\n<p>Asimismo, si el Usuario tiene alguna duda acerca del ejercicio de sus derechos puede dirigirse a la Agencia Espa\u00f1ola de Protecci\u00f3n de datos para resolver cualquier duda acerca de los mismos.<\/p>\n<h2>\u00bfDurante cu\u00e1nto tiempo conservaremos los datos de los Usuarios?<\/h2>\n<p>Los datos de identificaci\u00f3n y bancarios ofrecidos por el titular al realizar una compra a trav\u00e9s de la presente p\u00e1gina Web se conservar\u00e1n hasta que no se solicite su supresi\u00f3n por el titular.<\/p>\n<p>Los datos personales de identificaci\u00f3n ofrecidos por el titular al crear una cuenta en la presente Web, se conservar\u00e1n hasta que no se solicite su supresi\u00f3n por el titular.<\/p>\n<p>Por \u00faltimo, los datos personales de identificaci\u00f3n ofrecidos por el titular para gestionar el env\u00edo de informaci\u00f3n a trav\u00e9s del Newsletter se conservar\u00e1n hasta que no se solicite su supresi\u00f3n por el titular.<\/p>\n<h2>Medidas de seguridad.<\/h2>\n<p>MIRTO tratar\u00e1 todos los datos bajo la m\u00e1s estricta confidencialidad, aplicando las medidas de seguridad, t\u00e9cnicas y organizativas, que correspondan conforme a la legislaci\u00f3n aplicable.<\/p>\n<p>MIRTO mantiene los niveles de seguridad de protecci\u00f3n de datos personales conforme al Reglamento (UE) 2016\/679 del Parlamento Europeo y del Consejo, de 27 de abril de 2016, relativo a la protecci\u00f3n de las personas f\u00edsicas en lo que respecta al tratamiento de datos personales y a la libre circulaci\u00f3n de estos datos y ha establecido todos los medios t\u00e9cnicos a su alcance para evitar la p\u00e9rdida, mal uso, alteraci\u00f3n, acceso no autorizado y robo de los datos que el Usuario facilite a trav\u00e9s de la p\u00e1gina Web, sin perjuicio de informarle de que las medidas de seguridad en Internet no son inexpugnables.<\/p>\n<p>MIRTO se compromete a cumplir con el deber de secreto y confidencialidad respecto de los datos personales tratados de acuerdo con la legislaci\u00f3n aplicable, as\u00ed como a conferirles un tratamiento seguro en las cesiones que, en su caso, puedan producirse.<\/p>\n<h2>Derecho a presentar una reclamaci\u00f3n ante las Autoridades de Control<\/h2>\n<p>Asimismo, los interesados tienen la posibilidad de ponerse en contacto con la Agencia Espa\u00f1ola de Protecci\u00f3n de Datos sobre cualquier duda en el ejercicio de sus derechos, para resolver cualquier incidencia en el tratamiento de sus datos o bien presentar una reclamaci\u00f3n. La Agencia Espa\u00f1ola de Protecci\u00f3n de Datos tiene la funci\u00f3n de velar por el cumplimiento de la legislaci\u00f3n y controlar su aplicaci\u00f3n. Los interesados podr\u00e1n reclamar ante la Agencia Espa\u00f1ola de Protecci\u00f3n de Datos especialmente cuando no haya obtenido satisfacci\u00f3n en el ejercicio de sus derechos, en Calle de Jorge Juan, 6, 28001 Madrid, <a href=\"https:\/\/www.aepd.es\">https:\/\/www.aepd.es<\/a> y en el tel\u00e9fono de contacto: 900 293 183<\/p>\n<p>&nbsp;<\/p>\n<p><small><i>\u00daltima actualizaci\u00f3n: febrero de 2023.<\/i><\/small><\/p>\n","protected":false},"excerpt":{"rendered":"<p>\u00bfQui\u00e9nes son los Responsables del tratamiento de sus datos? Identificaci\u00f3n del Responsable de Tratamiento: CREACIONES MIRTO, S.A.U.C\/ Emilio Mu\u00f1oz, 57 \u2013 28037 Madrid \u2013 Espa\u00f1aNIF A-28100717Inscrita en el Registro Mercantil de Madrid Hoja M-82896, folio 146, Tomo 5.053, Inscripci\u00f3n 28\u00aa.Correo electr\u00f3nico: datos@mirto.comTel\u00e9fono: +34 91 440 29 56 \u00bfCu\u00e1les son las finalidades del tratamiento de sus [&hellip;]<\/p>\n","protected":false},"author":1,"featured_media":0,"parent":0,"menu_order":120,"comment_status":"closed","ping_status":"closed","template":"","meta":{"_acf_changed":false,"footnotes":""},"class_list":["post-79","page","type-page","status-publish","hentry"],"acf":[],"_links":{"self":[{"href":"https:\/\/mirto.group\/en\/wp-json\/wp\/v2\/pages\/79","targetHints":{"allow":["GET"]}}],"collection":[{"href":"https:\/\/mirto.group\/en\/wp-json\/wp\/v2\/pages"}],"about":[{"href":"https:\/\/mirto.group\/en\/wp-json\/wp\/v2\/types\/page"}],"author":[{"embeddable":true,"href":"https:\/\/mirto.group\/en\/wp-json\/wp\/v2\/users\/1"}],"replies":[{"embeddable":true,"href":"https:\/\/mirto.group\/en\/wp-json\/wp\/v2\/comments?post=79"}],"version-history":[{"count":2,"href":"https:\/\/mirto.group\/en\/wp-json\/wp\/v2\/pages\/79\/revisions"}],"predecessor-version":[{"id":444,"href":"https:\/\/mirto.group\/en\/wp-json\/wp\/v2\/pages\/79\/revisions\/444"}],"wp:attachment":[{"href":"https:\/\/mirto.group\/en\/wp-json\/wp\/v2\/media?parent=79"}],"curies":[{"name":"wp","href":"https:\/\/api.w.org\/{rel}","templated":true}]}}